{"id":78,"date":"2020-01-19T22:56:53","date_gmt":"2020-01-19T21:56:53","guid":{"rendered":"http:\/\/fordmenuiserie.com\/?page_id=78"},"modified":"2022-08-03T10:51:30","modified_gmt":"2022-08-03T08:51:30","slug":"notre-entreprise","status":"publish","type":"page","link":"https:\/\/fordmenuiserie.com\/index.php\/notre-entreprise\/","title":{"rendered":"Notre entreprise"},"content":{"rendered":"\t\t<div data-elementor-type=\"wp-page\" data-elementor-id=\"78\" class=\"elementor elementor-78\">\n\t\t\t\t\t\t\t\t\t<section class=\"elementor-section elementor-top-section elementor-element elementor-element-d792bef elementor-section-boxed elementor-section-height-default elementor-section-height-default\" data-id=\"d792bef\" data-element_type=\"section\">\n\t\t\t\t\t\t<div class=\"elementor-container elementor-column-gap-default\">\n\t\t\t\t\t<div class=\"elementor-column elementor-col-100 elementor-top-column elementor-element elementor-element-26e8898\" data-id=\"26e8898\" data-element_type=\"column\">\n\t\t\t<div class=\"elementor-widget-wrap elementor-element-populated\">\n\t\t\t\t\t\t\t\t<div class=\"elementor-element elementor-element-646057c elementor-widget elementor-widget-spacer\" data-id=\"646057c\" data-element_type=\"widget\" data-widget_type=\"spacer.default\">\n\t\t\t\t<div class=\"elementor-widget-container\">\n\t\t\t\t\t<div class=\"elementor-spacer\">\n\t\t\t<div class=\"elementor-spacer-inner\"><\/div>\n\t\t<\/div>\n\t\t\t\t<\/div>\n\t\t\t\t<\/div>\n\t\t\t\t<div class=\"elementor-element elementor-element-68708fe elementor-widget elementor-widget-heading\" data-id=\"68708fe\" data-element_type=\"widget\" data-widget_type=\"heading.default\">\n\t\t\t\t<div class=\"elementor-widget-container\">\n\t\t\t<h2 class=\"elementor-heading-title elementor-size-default\">D\u00e9couvrez plus d'informations sur notre entreprise<\/h2>\t\t<\/div>\n\t\t\t\t<\/div>\n\t\t\t\t<div class=\"elementor-element elementor-element-e614566 elementor-widget elementor-widget-spacer\" data-id=\"e614566\" data-element_type=\"widget\" data-widget_type=\"spacer.default\">\n\t\t\t\t<div class=\"elementor-widget-container\">\n\t\t\t\t\t<div class=\"elementor-spacer\">\n\t\t\t<div class=\"elementor-spacer-inner\"><\/div>\n\t\t<\/div>\n\t\t\t\t<\/div>\n\t\t\t\t<\/div>\n\t\t\t\t\t<\/div>\n\t\t<\/div>\n\t\t\t\t\t\t\t<\/div>\n\t\t<\/section>\n\t\t\t\t<section class=\"elementor-section elementor-top-section elementor-element elementor-element-6047a30 elementor-section-content-middle elementor-section-boxed elementor-section-height-default elementor-section-height-default\" data-id=\"6047a30\" data-element_type=\"section\">\n\t\t\t\t\t\t<div class=\"elementor-container elementor-column-gap-default\">\n\t\t\t\t\t<div class=\"elementor-column elementor-col-50 elementor-top-column elementor-element elementor-element-04b33a5\" data-id=\"04b33a5\" data-element_type=\"column\">\n\t\t\t<div class=\"elementor-widget-wrap elementor-element-populated\">\n\t\t\t\t\t\t\t\t<div class=\"elementor-element elementor-element-9099771 elementor-widget elementor-widget-heading\" data-id=\"9099771\" data-element_type=\"widget\" data-widget_type=\"heading.default\">\n\t\t\t\t<div class=\"elementor-widget-container\">\n\t\t\t<h4 class=\"elementor-heading-title elementor-size-default\">Le Menuisier: Joshua Ford<\/h4>\t\t<\/div>\n\t\t\t\t<\/div>\n\t\t\t\t<div class=\"elementor-element elementor-element-797f16b elementor-widget elementor-widget-text-editor\" data-id=\"797f16b\" data-element_type=\"widget\" data-widget_type=\"text-editor.default\">\n\t\t\t\t<div class=\"elementor-widget-container\">\n\t\t\t\t\t\t\t<p>Dipl\u00f4m\u00e9 de 2 CAP (Fabricant et Installateur) ainsi qu&#8217;un BP agencement, j&#8217;ai plus de 7 ans d&#8217;exp\u00e9rience dans le domaine de menuiserie. Ayant commenc\u00e9 par l&#8217;apprentissage chez Jo\u00ebl Rouill\u00e9 (Plessala 22) avec le CFA de Ploufragan, j&#8217;ai travaill\u00e9 chez Nouet b\u00e2timent (Loud\u00e9ac 22) et B-d\u00e9co (Plemet 22) avant d&#8217;ouvrir ma propre entreprise FORD Menuiserie d\u00e9but 2020.<\/p>\t\t\t\t\t\t<\/div>\n\t\t\t\t<\/div>\n\t\t\t\t\t<\/div>\n\t\t<\/div>\n\t\t\t\t<div class=\"elementor-column elementor-col-50 elementor-top-column elementor-element elementor-element-a8ef479\" data-id=\"a8ef479\" data-element_type=\"column\">\n\t\t\t<div class=\"elementor-widget-wrap elementor-element-populated\">\n\t\t\t\t\t\t\t\t<div class=\"elementor-element elementor-element-b581a83 elementor-widget elementor-widget-image\" data-id=\"b581a83\" data-element_type=\"widget\" data-widget_type=\"image.default\">\n\t\t\t\t<div class=\"elementor-widget-container\">\n\t\t\t\t\t\t\t\t\t\t\t\t\t\t\t<img decoding=\"async\" src=\"https:\/\/fordmenuiserie.com\/wp-content\/uploads\/2021\/01\/IMG_0668-scaled.jpg\" title=\"IMG_0668\" alt=\"IMG_0668\" loading=\"lazy\" \/>\t\t\t\t\t\t\t\t\t\t\t\t\t\t\t<\/div>\n\t\t\t\t<\/div>\n\t\t\t\t\t<\/div>\n\t\t<\/div>\n\t\t\t\t\t\t\t<\/div>\n\t\t<\/section>\n\t\t\t\t<section class=\"elementor-section elementor-top-section elementor-element elementor-element-a78081b elementor-section-boxed elementor-section-height-default elementor-section-height-default\" data-id=\"a78081b\" data-element_type=\"section\">\n\t\t\t\t\t\t<div class=\"elementor-container elementor-column-gap-default\">\n\t\t\t\t\t<div class=\"elementor-column elementor-col-100 elementor-top-column elementor-element elementor-element-c1a3adb\" data-id=\"c1a3adb\" data-element_type=\"column\">\n\t\t\t<div class=\"elementor-widget-wrap elementor-element-populated\">\n\t\t\t\t\t\t\t\t<div class=\"elementor-element elementor-element-e3d2550 elementor-widget elementor-widget-spacer\" data-id=\"e3d2550\" data-element_type=\"widget\" data-widget_type=\"spacer.default\">\n\t\t\t\t<div class=\"elementor-widget-container\">\n\t\t\t\t\t<div class=\"elementor-spacer\">\n\t\t\t<div class=\"elementor-spacer-inner\"><\/div>\n\t\t<\/div>\n\t\t\t\t<\/div>\n\t\t\t\t<\/div>\n\t\t\t\t\t<\/div>\n\t\t<\/div>\n\t\t\t\t\t\t\t<\/div>\n\t\t<\/section>\n\t\t\t\t<section class=\"elementor-section elementor-top-section elementor-element elementor-element-4e2f486 elementor-section-content-middle elementor-section-boxed elementor-section-height-default elementor-section-height-default\" data-id=\"4e2f486\" data-element_type=\"section\">\n\t\t\t\t\t\t<div class=\"elementor-container elementor-column-gap-default\">\n\t\t\t\t\t<div class=\"elementor-column elementor-col-50 elementor-top-column elementor-element elementor-element-7941c86\" data-id=\"7941c86\" data-element_type=\"column\">\n\t\t\t<div class=\"elementor-widget-wrap elementor-element-populated\">\n\t\t\t\t\t\t\t\t<div class=\"elementor-element elementor-element-03c67ff elementor-widget elementor-widget-google_maps\" data-id=\"03c67ff\" data-element_type=\"widget\" data-widget_type=\"google_maps.default\">\n\t\t\t\t<div class=\"elementor-widget-container\">\n\t\t\t\t\t<div class=\"elementor-custom-embed\">\n\t\t\t<iframe loading=\"lazy\"\n\t\t\t\t\tsrc=\"https:\/\/maps.google.com\/maps?q=St%20goueno&#038;t=m&#038;z=10&#038;output=embed&#038;iwloc=near\"\n\t\t\t\t\ttitle=\"St goueno\"\n\t\t\t\t\taria-label=\"St goueno\"\n\t\t\t><\/iframe>\n\t\t<\/div>\n\t\t\t\t<\/div>\n\t\t\t\t<\/div>\n\t\t\t\t\t<\/div>\n\t\t<\/div>\n\t\t\t\t<div class=\"elementor-column elementor-col-50 elementor-top-column elementor-element elementor-element-3b698a1\" data-id=\"3b698a1\" data-element_type=\"column\">\n\t\t\t<div class=\"elementor-widget-wrap elementor-element-populated\">\n\t\t\t\t\t\t\t\t<div class=\"elementor-element elementor-element-c480694 elementor-widget elementor-widget-heading\" data-id=\"c480694\" data-element_type=\"widget\" data-widget_type=\"heading.default\">\n\t\t\t\t<div class=\"elementor-widget-container\">\n\t\t\t<h4 class=\"elementor-heading-title elementor-size-default\">Secteur de travail<\/h4>\t\t<\/div>\n\t\t\t\t<\/div>\n\t\t\t\t<div class=\"elementor-element elementor-element-ba6df4d elementor-widget elementor-widget-text-editor\" data-id=\"ba6df4d\" data-element_type=\"widget\" data-widget_type=\"text-editor.default\">\n\t\t\t\t<div class=\"elementor-widget-container\">\n\t\t\t\t\t\t\t<p>Notre base se trouve \u00e0 St Gou\u00e9no dans les C\u00f4tes-d&#8217;armor (22). Nous travaillons principalement dans les communes du Men\u00e9, Loud\u00e9ac et aux alentours. Nous pouvons travailler \u00e9galement sur d&#8217;autres communes et d&#8217;autres r\u00e9gions dans toute la France.<\/p>\t\t\t\t\t\t<\/div>\n\t\t\t\t<\/div>\n\t\t\t\t\t<\/div>\n\t\t<\/div>\n\t\t\t\t\t\t\t<\/div>\n\t\t<\/section>\n\t\t\t\t<section class=\"elementor-section elementor-top-section elementor-element elementor-element-8db8565 elementor-section-boxed elementor-section-height-default elementor-section-height-default\" data-id=\"8db8565\" data-element_type=\"section\">\n\t\t\t\t\t\t<div class=\"elementor-container elementor-column-gap-default\">\n\t\t\t\t\t<div class=\"elementor-column elementor-col-100 elementor-top-column elementor-element elementor-element-fff02be\" data-id=\"fff02be\" data-element_type=\"column\">\n\t\t\t<div class=\"elementor-widget-wrap elementor-element-populated\">\n\t\t\t\t\t\t\t\t<div class=\"elementor-element elementor-element-d9bfc5a elementor-widget elementor-widget-spacer\" data-id=\"d9bfc5a\" data-element_type=\"widget\" data-widget_type=\"spacer.default\">\n\t\t\t\t<div class=\"elementor-widget-container\">\n\t\t\t\t\t<div class=\"elementor-spacer\">\n\t\t\t<div class=\"elementor-spacer-inner\"><\/div>\n\t\t<\/div>\n\t\t\t\t<\/div>\n\t\t\t\t<\/div>\n\t\t\t\t\t<\/div>\n\t\t<\/div>\n\t\t\t\t\t\t\t<\/div>\n\t\t<\/section>\n\t\t\t\t<section class=\"elementor-section elementor-top-section elementor-element elementor-element-d58df55 elementor-section-content-middle elementor-section-boxed elementor-section-height-default elementor-section-height-default\" data-id=\"d58df55\" data-element_type=\"section\">\n\t\t\t\t\t\t<div class=\"elementor-container elementor-column-gap-default\">\n\t\t\t\t\t<div class=\"elementor-column elementor-col-50 elementor-top-column elementor-element elementor-element-15bedda\" data-id=\"15bedda\" data-element_type=\"column\">\n\t\t\t<div class=\"elementor-widget-wrap elementor-element-populated\">\n\t\t\t\t\t\t\t\t<div class=\"elementor-element elementor-element-4b87edd elementor-widget elementor-widget-heading\" data-id=\"4b87edd\" data-element_type=\"widget\" data-widget_type=\"heading.default\">\n\t\t\t\t<div class=\"elementor-widget-container\">\n\t\t\t<h4 class=\"elementor-heading-title elementor-size-default\">Notre logiciel de facturation<\/h4>\t\t<\/div>\n\t\t\t\t<\/div>\n\t\t\t\t<div class=\"elementor-element elementor-element-34da9e0 elementor-widget elementor-widget-text-editor\" data-id=\"34da9e0\" data-element_type=\"widget\" data-widget_type=\"text-editor.default\">\n\t\t\t\t<div class=\"elementor-widget-container\">\n\t\t\t\t\t\t\t<p>FORD menuiserie utilise le logiciel de facturation INFAST, \u00e9dit\u00e9 par la soci\u00e9t\u00e9 INTIA.<\/p>\t\t\t\t\t\t<\/div>\n\t\t\t\t<\/div>\n\t\t\t\t<div class=\"elementor-element elementor-element-d61504f elementor-widget elementor-widget-button\" data-id=\"d61504f\" data-element_type=\"widget\" data-widget_type=\"button.default\">\n\t\t\t\t<div class=\"elementor-widget-container\">\n\t\t\t\t\t<div class=\"elementor-button-wrapper\">\n\t\t\t<a class=\"elementor-button elementor-button-link elementor-size-sm\" href=\"https:\/\/intia.fr\/fr\" target=\"_blank\">\n\t\t\t\t\t\t<span class=\"elementor-button-content-wrapper\">\n\t\t\t\t\t\t<span class=\"elementor-button-icon elementor-align-icon-left\">\n\t\t\t\t<i aria-hidden=\"true\" class=\"fas fa-arrow-right\"><\/i>\t\t\t<\/span>\n\t\t\t\t\t\t<span class=\"elementor-button-text\">D\u00e9couvrir Intia<\/span>\n\t\t<\/span>\n\t\t\t\t\t<\/a>\n\t\t<\/div>\n\t\t\t\t<\/div>\n\t\t\t\t<\/div>\n\t\t\t\t\t<\/div>\n\t\t<\/div>\n\t\t\t\t<div class=\"elementor-column elementor-col-50 elementor-top-column elementor-element elementor-element-7cc3ca8\" data-id=\"7cc3ca8\" data-element_type=\"column\">\n\t\t\t<div class=\"elementor-widget-wrap elementor-element-populated\">\n\t\t\t\t\t\t\t\t<div class=\"elementor-element elementor-element-1cf8ea3 elementor-widget elementor-widget-image\" data-id=\"1cf8ea3\" data-element_type=\"widget\" data-widget_type=\"image.default\">\n\t\t\t\t<div class=\"elementor-widget-container\">\n\t\t\t\t\t\t\t\t\t\t\t\t\t\t\t<img loading=\"lazy\" decoding=\"async\" width=\"1024\" height=\"838\" src=\"https:\/\/fordmenuiserie.com\/wp-content\/uploads\/2020\/10\/alt-1024x838.png\" class=\"attachment-large size-large wp-image-474\" alt=\"\" srcset=\"https:\/\/fordmenuiserie.com\/wp-content\/uploads\/2020\/10\/alt-1024x838.png 1024w, https:\/\/fordmenuiserie.com\/wp-content\/uploads\/2020\/10\/alt-300x245.png 300w, https:\/\/fordmenuiserie.com\/wp-content\/uploads\/2020\/10\/alt-768x628.png 768w, https:\/\/fordmenuiserie.com\/wp-content\/uploads\/2020\/10\/alt-142x116.png 142w, https:\/\/fordmenuiserie.com\/wp-content\/uploads\/2020\/10\/alt.png 1061w\" sizes=\"auto, (max-width: 1024px) 100vw, 1024px\" \/>\t\t\t\t\t\t\t\t\t\t\t\t\t\t\t<\/div>\n\t\t\t\t<\/div>\n\t\t\t\t<div class=\"elementor-element elementor-element-dd6143b elementor-widget elementor-widget-image\" data-id=\"dd6143b\" data-element_type=\"widget\" data-widget_type=\"image.default\">\n\t\t\t\t<div class=\"elementor-widget-container\">\n\t\t\t\t\t\t\t\t\t\t\t\t\t\t\t<img loading=\"lazy\" decoding=\"async\" width=\"1024\" height=\"355\" src=\"https:\/\/fordmenuiserie.com\/wp-content\/uploads\/2020\/10\/INFast-1024x355.png\" class=\"attachment-large size-large wp-image-482\" alt=\"\" srcset=\"https:\/\/fordmenuiserie.com\/wp-content\/uploads\/2020\/10\/INFast-1024x355.png 1024w, https:\/\/fordmenuiserie.com\/wp-content\/uploads\/2020\/10\/INFast-300x104.png 300w, https:\/\/fordmenuiserie.com\/wp-content\/uploads\/2020\/10\/INFast-768x266.png 768w, https:\/\/fordmenuiserie.com\/wp-content\/uploads\/2020\/10\/INFast-228x79.png 228w, https:\/\/fordmenuiserie.com\/wp-content\/uploads\/2020\/10\/INFast.png 1519w\" sizes=\"auto, (max-width: 1024px) 100vw, 1024px\" \/>\t\t\t\t\t\t\t\t\t\t\t\t\t\t\t<\/div>\n\t\t\t\t<\/div>\n\t\t\t\t\t<\/div>\n\t\t<\/div>\n\t\t\t\t\t\t\t<\/div>\n\t\t<\/section>\n\t\t\t\t\t\t\t<\/div>\n\t\t ","protected":false},"excerpt":{"rendered":"<p>D\u00e9couvrez plus d&#8217;informations sur notre entreprise Le Menuisier: Joshua Ford Dipl\u00f4m\u00e9 de 2 CAP (Fabricant et Installateur) ainsi qu&#8217;un BP agencement, j&#8217;ai plus de 7 ans d&#8217;exp\u00e9rience dans le domaine de menuiserie. Ayant commenc\u00e9 par l&#8217;apprentissage chez Jo\u00ebl Rouill\u00e9 (Plessala 22) avec le CFA de Ploufragan, j&#8217;ai travaill\u00e9 chez Nouet b\u00e2timent (Loud\u00e9ac 22) et B-d\u00e9co<\/p>\n<div><a class=\"btn-filled btn\" href=\"https:\/\/fordmenuiserie.com\/index.php\/notre-entreprise\/\" title=\"Notre entreprise\">Read More<\/a><\/div>\n","protected":false},"author":1,"featured_media":0,"parent":0,"menu_order":0,"comment_status":"closed","ping_status":"closed","template":"page-templates\/full-width.php","meta":{"footnotes":""},"class_list":["post-78","page","type-page","status-publish","hentry"],"_links":{"self":[{"href":"https:\/\/fordmenuiserie.com\/index.php\/wp-json\/wp\/v2\/pages\/78","targetHints":{"allow":["GET"]}}],"collection":[{"href":"https:\/\/fordmenuiserie.com\/index.php\/wp-json\/wp\/v2\/pages"}],"about":[{"href":"https:\/\/fordmenuiserie.com\/index.php\/wp-json\/wp\/v2\/types\/page"}],"author":[{"embeddable":true,"href":"https:\/\/fordmenuiserie.com\/index.php\/wp-json\/wp\/v2\/users\/1"}],"replies":[{"embeddable":true,"href":"https:\/\/fordmenuiserie.com\/index.php\/wp-json\/wp\/v2\/comments?post=78"}],"version-history":[{"count":26,"href":"https:\/\/fordmenuiserie.com\/index.php\/wp-json\/wp\/v2\/pages\/78\/revisions"}],"predecessor-version":[{"id":562,"href":"https:\/\/fordmenuiserie.com\/index.php\/wp-json\/wp\/v2\/pages\/78\/revisions\/562"}],"wp:attachment":[{"href":"https:\/\/fordmenuiserie.com\/index.php\/wp-json\/wp\/v2\/media?parent=78"}],"curies":[{"name":"wp","href":"https:\/\/api.w.org\/{rel}","templated":true}]}}